{"id":67,"date":"2025-10-13T18:08:19","date_gmt":"2025-10-13T16:08:19","guid":{"rendered":"https:\/\/www.santemalatesta.it\/wp2025\/?page_id=67"},"modified":"2025-10-15T10:35:54","modified_gmt":"2025-10-15T08:35:54","slug":"come-collaborare","status":"publish","type":"page","link":"https:\/\/www.santemalatesta.it\/wp2025\/come-collaborare\/","title":{"rendered":"Come collaborare"},"content":{"rendered":"\n<h2 class=\"wp-block-heading\">Diventa volontario:<\/h2>\n\n\n\n<p>Il cuore pulsante dell\u2019associazione, attraverso il quale conosciamo i nostri studenti, costruiamo con loro una relazione e grazie al quale tutti gli interventi vengono decisi e programmati, \u00e8 il centro di ascolto. I volontari sono l\u2019ossigeno necessario alla sopravvivenza e al funzionamento del centro.<br>I volontari dell\u2019associazione possono anche mettere a disposizione le loro competenze per contribuire all\u2019attivit\u00e0 formativa degli studenti, all\u2019assistenza per le pratiche amministrative, per il superamento di disguidi e controversie con le istituzioni.<br>Con la crescita costante dei nostri studenti, abbiamo sempre bisogno di forze nuove! Se desideri diventare un volontario del centro di ascolto, contattaci per un primo colloquio conoscitivo.<\/p>\n\n\n\n<div class=\"wp-block-buttons is-layout-flex wp-block-buttons-is-layout-flex\">\n<div class=\"wp-block-button\"><a class=\"wp-block-button__link wp-element-button\" href=\"https:\/\/www.santemalatesta.it\/wp2025\/contatti\/\">Contattaci<\/a><\/div>\n<\/div>\n\n\n\n<h2 class=\"wp-block-heading\">Diventa socio:<\/h2>\n\n\n\n<p>I soci aderiscono al progetto culturale e sociale dell\u2019Associazione con la propria quota annua e con il loro farsi <strong>portavoce dello spirito e dei valori dell\u2019associazione <\/strong>all\u2019esterno, per diffonderne il messaggio.<br>Per diventare socio dell\u2019associazione, e dunque partecipare alle assemblee con <strong>diritto di voto<\/strong>, \u00e8 necessario compilare la scheda di adesione e versare la quota annuale di \u20ac70,00 (settanta).<br><a href=\"https:\/\/www.santemalatesta.it\/wp2025\/contatti\/\" data-type=\"page\" data-id=\"58\">Contattaci <\/a>per maggiori informazioni!<\/p>\n\n\n\n<div class=\"wp-block-buttons is-layout-flex wp-block-buttons-is-layout-flex\">\n<div class=\"wp-block-button\"><a class=\"wp-block-button__link wp-element-button\" href=\"https:\/\/www.santemalatesta.it\/wp2025\/wp-content\/uploads\/2025\/10\/22-05-modulo-di-adesione.pdf\" target=\"_blank\" rel=\"noreferrer noopener\">Modulo di adesione<\/a><\/div>\n<\/div>\n\n\n\n<h2 class=\"wp-block-heading\">5 x 1000<\/h2>\n\n\n\n<p>Un\u2019altra modalit\u00e0 di sostegno \u00e8 la scelta di destinare il tuo <strong>\u20185 per mille\u2019<\/strong> all\u2019Associazione Sante Malatesta, Per farlo, ti basta indicare sulla dichiarazione dei redditi il <strong>codice fiscale <\/strong>dell\u2019Associazione, che \u00e8 il seguente: <strong>93045570509<\/strong>.<\/p>\n\n\n\n<h2 class=\"wp-block-heading has-luminous-vivid-amber-background-color has-background\" style=\"margin-top:0;margin-bottom:0;padding-top:0;padding-bottom:0\">Ospita uno studente:<\/h2>\n\n\n\n<p class=\"has-luminous-vivid-amber-background-color has-background\" style=\"margin-top:0;margin-bottom:0\"><strong>L\u2019emergenza <\/strong>abitativa \u00e8 un problema reale per i nostri ragazzi e le nostre ragazze, che spesso vivono situazioni di disagio legate all\u2019impossibilit\u00e0 di permettersi un alloggio idoneo e &#8211; di conseguenza &#8211; questo impedisce loro di studiare con serenit\u00e0 e raggiungere il sogno per cui hanno lasciato il loro porto sicuro.<br>Quello dell&#8217;Associazione per la risoluzione delle necessit\u00e0 abitative costituisce l&#8217;impegno pi\u00f9 oneroso che corrisponde all&#8217;esigenza pi\u00f9 comunemente espressa dagli studenti.<br>Attualmente, l&#8217;Associazione <strong>ospita un totale di 29 tra studenti e studentesse<\/strong> con la speranza di poter estendere, in un futuro vicino, lo stesso tipo di sostegno ad un maggior numero di utenti.<br>Se vuoi fare un\u2019<strong>esperienza di incontro<\/strong>, contribuire a <strong>formare il futuro<\/strong> e hai a disposizione una stanza, <a href=\"https:\/\/www.santemalatesta.it\/wp2025\/contatti\/\" data-type=\"page\" data-id=\"58\" target=\"_blank\" rel=\"noreferrer noopener\">contattaci <\/a>per un primo incontro!<br>L\u2019associazione ti seguir\u00e0 passo per passo in questa esperienza, partendo dal trovare insieme lo studente o la studentessa pi\u00f9 adatti alla tua offerta di ospitalit\u00e0.<\/p>\n\n\n\n<h2 class=\"wp-block-heading has-luminous-vivid-amber-background-color has-background\" style=\"margin-top:0;margin-bottom:0\">Adotta uno studente<\/h2>\n\n\n\n<div class=\"wp-block-columns has-luminous-vivid-amber-background-color has-background is-layout-flex wp-container-core-columns-is-layout-ec2e7a44 wp-block-columns-is-layout-flex\" style=\"padding-top:0;padding-bottom:0\">\n<div class=\"wp-block-column is-layout-flow wp-block-column-is-layout-flow\" style=\"flex-basis:66.66%\">\n<p class=\"has-luminous-vivid-amber-background-color has-background\" style=\"padding-top:0;padding-right:0;padding-bottom:0;padding-left:0\">\u201cL&#8217;istruzione \u00e8 l&#8217;arma pi\u00f9 potente che abbiamo per cambiare il mondo\u201d, diceva Nelson Mandela. E noi ci crediamo!<br>Conosci la storia di qualcuno e vuoi sostenerlo tramite noi? O vorresti conoscere la storia di qualcuno che si sta impegnando a perseguire un sogno e migliorare il futuro?<br>\u00c8 possibile \u201cadottare\u201d uno studente impegnandosi a <strong>contribuire<\/strong>, per un periodo definito, alle sue <strong>spese di studio e di mantenimento<\/strong>. La differenza tra questo contributo e una donazione generale \u00e8 che potrai assicurarti che le tue donazioni vengano riservate a uno studente o una studentessa in particolare, creando con loro una relazione di sostegno e di crescita reciproca.<\/p>\n\n\n\n<p class=\"has-luminous-vivid-amber-background-color has-background\"><\/p>\n<\/div>\n\n\n\n<div class=\"wp-block-column is-layout-flow wp-block-column-is-layout-flow\" style=\"flex-basis:33.33%\">\n<figure class=\"wp-block-image size-full\"><img loading=\"lazy\" decoding=\"async\" width=\"250\" height=\"250\" src=\"https:\/\/www.santemalatesta.it\/wp2025\/wp-content\/uploads\/2025\/10\/adotta.png\" alt=\"\" class=\"wp-image-76\" srcset=\"https:\/\/www.santemalatesta.it\/wp2025\/wp-content\/uploads\/2025\/10\/adotta.png 250w, https:\/\/www.santemalatesta.it\/wp2025\/wp-content\/uploads\/2025\/10\/adotta-150x150.png 150w\" sizes=\"auto, (max-width: 250px) 100vw, 250px\" \/><\/figure>\n<\/div>\n<\/div>\n\n\n\n<h2 class=\"wp-block-heading\" style=\"margin-top:var(--wp--preset--spacing--30);margin-bottom:var(--wp--preset--spacing--30)\">Trattenuta stipendio per dipendenti universitari<\/h2>\n\n\n\n<p>Per i <strong>dipendenti dell\u2019Universit\u00e0 di Pisa<\/strong> \u00e8 possibile fare un versamento, senza alcuna spesa aggiuntiva, mediante una <strong>trattenuta <\/strong>direttamente <strong>sullo stipendio<\/strong> &#8211; autorizzata compilando apposito modulo di adesione e autorizzazione:<\/p>\n\n\n\n<div class=\"wp-block-buttons is-layout-flex wp-block-buttons-is-layout-flex\">\n<div class=\"wp-block-button is-style-outline is-style-outline--1\"><a class=\"wp-block-button__link wp-element-button\" href=\"https:\/\/www.santemalatesta.it\/wp2025\/wp-content\/uploads\/2025\/10\/22-05-modulo-di-adesione-e-autorizzazione-trattenuta-universita.pdf\" target=\"_blank\" rel=\"noreferrer noopener\">Modulo trattenuta<\/a><\/div>\n<\/div>\n\n\n\n<h2 class=\"wp-block-heading\">Tirocinio curricolare<\/h2>\n\n\n\n<p>Per gli studenti dell\u2019universit\u00e0 di Pisa \u00e8 possibile svolgere il proprio tirocinio curricolare presso l\u2019Associazione Sante Malatesta, grazie alla convenzione stipulata con UniPi!<br>I tirocinanti vengono inseriti nelle attivit\u00e0 dell\u2019Associazione in base alle loro competenze e alle loro necessit\u00e0 formative.<br>Se desideri svolgere un tirocinio presso di noi, contattaci specificando le tue necessit\u00e0, il tuo ambito di studi e la durata desiderata del tuo tirocinio e verrai ricontattato per un primo incontro!<\/p>\n\n\n\n<div class=\"wp-block-buttons is-layout-flex wp-block-buttons-is-layout-flex\">\n<div class=\"wp-block-button\"><a class=\"wp-block-button__link wp-element-button\" href=\"https:\/\/www.santemalatesta.it\/wp2025\/contatti\" target=\"_blank\" rel=\"noreferrer noopener\">Contattaci<\/a><\/div>\n<\/div>\n\n\n\n<h2 class=\"wp-block-heading\">Dona<\/h2>\n\n\n\n<p>Non hai tempo da offrire per diventare volontario, ma vuoi comunque contribuire alle attivit\u00e0 dell\u2019Associazione? Puoi fare una donazione, regolare o una tantum!<br>L\u2019Associazione Sante Malatesta \u00e8 un Ente Filantropico regolarmente iscritto al Registro Unico Nazionale del Terzo Settore. In ragione di questo, le donazioni effettuate sono deducibili dal reddito o, in alternativa, detraibili nella misura del 35%.<br>Le donazioni possono essere effettuate tramite bonifico a: Associazione Sante Malatesta, IBAN: IT37X0503414011000000375619.<\/p>\n\n\n\n<div class=\"wp-block-columns has-luminous-vivid-amber-background-color has-background is-layout-flex wp-container-core-columns-is-layout-28f84493 wp-block-columns-is-layout-flex\">\n<div class=\"wp-block-column is-layout-flow wp-block-column-is-layout-flow\" style=\"flex-basis:66.66%\">\n<p>Un\u2019altra modalit\u00e0 di fare una donazione regolare all\u2019Associazione, questa non deducibile, \u00e8 quella di utilizzare la piattaforma WishRaiser, che permette di stabilire una cifra fissa da donare ogni mese, partecipando in cambio all\u2019estrazione di premi!<\/p>\n\n\n\n<div class=\"wp-block-buttons is-layout-flex wp-block-buttons-is-layout-flex\">\n<div class=\"wp-block-button is-style-fill\"><a class=\"wp-block-button__link has-vivid-red-background-color has-background wp-element-button\" href=\"https:\/\/wishraiser.com\/associazione-sante-malatesta?fbclid=PAAaYrE-17VcIcrPiojTbgBCJcXZcVgp-cMEzBwiY6tJTgjdFMtYdJkHjiLVs\" target=\"_blank\" rel=\"noreferrer noopener\">WishRaiser<\/a><\/div>\n<\/div>\n<\/div>\n\n\n\n<div class=\"wp-block-column is-layout-flow wp-block-column-is-layout-flow\" style=\"flex-basis:33.33%\">\n<figure class=\"wp-block-image size-full\"><img loading=\"lazy\" decoding=\"async\" width=\"500\" height=\"458\" src=\"https:\/\/www.santemalatesta.it\/wp2025\/wp-content\/uploads\/2025\/10\/dona.png\" alt=\"\" class=\"wp-image-83\" srcset=\"https:\/\/www.santemalatesta.it\/wp2025\/wp-content\/uploads\/2025\/10\/dona.png 500w, https:\/\/www.santemalatesta.it\/wp2025\/wp-content\/uploads\/2025\/10\/dona-300x275.png 300w\" sizes=\"auto, (max-width: 500px) 100vw, 500px\" \/><\/figure>\n<\/div>\n<\/div>\n\n\n\n<p><\/p>\n","protected":false},"excerpt":{"rendered":"<p>Diventa volontario: Il cuore pulsante dell\u2019associazione, attraverso il quale conosciamo i nostri studenti, costruiamo con loro una relazione e grazie [&hellip;]<\/p>\n","protected":false},"author":1,"featured_media":0,"parent":0,"menu_order":0,"comment_status":"closed","ping_status":"closed","template":"","meta":{"site-sidebar-layout":"default","site-content-layout":"","ast-site-content-layout":"default","site-content-style":"default","site-sidebar-style":"default","ast-global-header-display":"","ast-banner-title-visibility":"","ast-main-header-display":"","ast-hfb-above-header-display":"","ast-hfb-below-header-display":"","ast-hfb-mobile-header-display":"","site-post-title":"disabled","ast-breadcrumbs-content":"","ast-featured-img":"","footer-sml-layout":"","theme-transparent-header-meta":"","adv-header-id-meta":"","stick-header-meta":"","header-above-stick-meta":"","header-main-stick-meta":"","header-below-stick-meta":"","astra-migrate-meta-layouts":"default","ast-page-background-enabled":"default","ast-page-background-meta":{"desktop":{"background-color":"var(--ast-global-color-5)","background-image":"","background-repeat":"repeat","background-position":"center center","background-size":"auto","background-attachment":"scroll","background-type":"","background-media":"","overlay-type":"","overlay-color":"","overlay-opacity":"","overlay-gradient":""},"tablet":{"background-color":"","background-image":"","background-repeat":"repeat","background-position":"center center","background-size":"auto","background-attachment":"scroll","background-type":"","background-media":"","overlay-type":"","overlay-color":"","overlay-opacity":"","overlay-gradient":""},"mobile":{"background-color":"","background-image":"","background-repeat":"repeat","background-position":"center center","background-size":"auto","background-attachment":"scroll","background-type":"","background-media":"","overlay-type":"","overlay-color":"","overlay-opacity":"","overlay-gradient":""}},"ast-content-background-meta":{"desktop":{"background-color":"var(--ast-global-color-4)","background-image":"","background-repeat":"repeat","background-position":"center center","background-size":"auto","background-attachment":"scroll","background-type":"","background-media":"","overlay-type":"","overlay-color":"","overlay-opacity":"","overlay-gradient":""},"tablet":{"background-color":"var(--ast-global-color-4)","background-image":"","background-repeat":"repeat","background-position":"center center","background-size":"auto","background-attachment":"scroll","background-type":"","background-media":"","overlay-type":"","overlay-color":"","overlay-opacity":"","overlay-gradient":""},"mobile":{"background-color":"var(--ast-global-color-4)","background-image":"","background-repeat":"repeat","background-position":"center center","background-size":"auto","background-attachment":"scroll","background-type":"","background-media":"","overlay-type":"","overlay-color":"","overlay-opacity":"","overlay-gradient":""}},"footnotes":""},"class_list":["post-67","page","type-page","status-publish","hentry"],"_links":{"self":[{"href":"https:\/\/www.santemalatesta.it\/wp2025\/wp-json\/wp\/v2\/pages\/67","targetHints":{"allow":["GET"]}}],"collection":[{"href":"https:\/\/www.santemalatesta.it\/wp2025\/wp-json\/wp\/v2\/pages"}],"about":[{"href":"https:\/\/www.santemalatesta.it\/wp2025\/wp-json\/wp\/v2\/types\/page"}],"author":[{"embeddable":true,"href":"https:\/\/www.santemalatesta.it\/wp2025\/wp-json\/wp\/v2\/users\/1"}],"replies":[{"embeddable":true,"href":"https:\/\/www.santemalatesta.it\/wp2025\/wp-json\/wp\/v2\/comments?post=67"}],"version-history":[{"count":7,"href":"https:\/\/www.santemalatesta.it\/wp2025\/wp-json\/wp\/v2\/pages\/67\/revisions"}],"predecessor-version":[{"id":84,"href":"https:\/\/www.santemalatesta.it\/wp2025\/wp-json\/wp\/v2\/pages\/67\/revisions\/84"}],"wp:attachment":[{"href":"https:\/\/www.santemalatesta.it\/wp2025\/wp-json\/wp\/v2\/media?parent=67"}],"curies":[{"name":"wp","href":"https:\/\/api.w.org\/{rel}","templated":true}]}}