{"id":29,"date":"2025-10-05T21:54:10","date_gmt":"2025-10-05T19:54:10","guid":{"rendered":"https:\/\/www.santemalatesta.it\/wp2025\/?page_id=29"},"modified":"2026-04-04T15:58:30","modified_gmt":"2026-04-04T13:58:30","slug":"chi-siamo","status":"publish","type":"page","link":"https:\/\/www.santemalatesta.it\/wp2025\/chi-siamo\/","title":{"rendered":"Chi siamo"},"content":{"rendered":"\n<h3 class=\"wp-block-heading\" id=\"associazione\">Storia e Fondazione<\/h3>\n\n\n\n<p>L&#8217;Associazione Sante Malatesta (ASM) \u00e8 stata fondata nel 1999 su iniziativa di docenti dell&#8217;Universit\u00e0 di Pisa, della Parrocchia Universitaria di San Frediano, del Servizio Cultura e Universit\u00e0 della Diocesi di Pisa e della Caritas Diocesana. Dal 1999, l&#8217;ASM \u00e8 al fianco degli studenti stranieri che scelgono Pisa come citt\u00e0 per costruire il proprio futuro.<\/p>\n\n\n\n<h3 class=\"wp-block-heading\">Missione<\/h3>\n\n\n\n<p>Sostenere gli studenti stranieri iscritti agli atenei pisani e provenienti da Paesi in difficolt\u00e0, favorendone l&#8217;inserimento nella vita universitaria e cittadina, riducendo o eliminando i momenti di disorientamento e di difficolt\u00e0 della loro integrazione socioeconomica e culturale, e accompagnandoli fino al conseguimento del loro titolo di studio.<\/p>\n\n\n\n<h3 class=\"wp-block-heading\">I nostri valori<\/h3>\n\n\n\n<ul class=\"wp-block-list\">\n<li>Laicit\u00e0: l&#8217;Associazione \u00e8 laica, bench\u00e9 nata in ambienti di Chiesa.<\/li>\n\n\n\n<li>Volontariato: operiamo attraverso un gruppo composito di volontari di varia et\u00e0, da studenti a persone con esperienza di vita.<\/li>\n\n\n\n<li>Concretezza: offriamo sostegni reali \u2013 un tetto, un corso di lingua, un ascolto \u2013 non solo parole.<\/li>\n\n\n\n<li>Inclusione: accogliamo studenti di ogni provenienza, credo e cultura.<\/li>\n<\/ul>\n","protected":false},"excerpt":{"rendered":"<p>Storia e Fondazione L&#8217;Associazione Sante Malatesta (ASM) \u00e8 stata fondata nel 1999 su iniziativa di docenti dell&#8217;Universit\u00e0 di Pisa, della [&hellip;]<\/p>\n","protected":false},"author":1,"featured_media":0,"parent":0,"menu_order":0,"comment_status":"closed","ping_status":"closed","template":"","meta":{"site-sidebar-layout":"default","site-content-layout":"","ast-site-content-layout":"default","site-content-style":"default","site-sidebar-style":"default","ast-global-header-display":"","ast-banner-title-visibility":"","ast-main-header-display":"","ast-hfb-above-header-display":"","ast-hfb-below-header-display":"","ast-hfb-mobile-header-display":"","site-post-title":"","ast-breadcrumbs-content":"","ast-featured-img":"","footer-sml-layout":"","theme-transparent-header-meta":"","adv-header-id-meta":"","stick-header-meta":"","header-above-stick-meta":"","header-main-stick-meta":"","header-below-stick-meta":"","astra-migrate-meta-layouts":"default","ast-page-background-enabled":"default","ast-page-background-meta":{"desktop":{"background-color":"var(--ast-global-color-5)","background-image":"","background-repeat":"repeat","background-position":"center center","background-size":"auto","background-attachment":"scroll","background-type":"","background-media":"","overlay-type":"","overlay-color":"","overlay-opacity":"","overlay-gradient":""},"tablet":{"background-color":"","background-image":"","background-repeat":"repeat","background-position":"center center","background-size":"auto","background-attachment":"scroll","background-type":"","background-media":"","overlay-type":"","overlay-color":"","overlay-opacity":"","overlay-gradient":""},"mobile":{"background-color":"","background-image":"","background-repeat":"repeat","background-position":"center center","background-size":"auto","background-attachment":"scroll","background-type":"","background-media":"","overlay-type":"","overlay-color":"","overlay-opacity":"","overlay-gradient":""}},"ast-content-background-meta":{"desktop":{"background-color":"var(--ast-global-color-4)","background-image":"","background-repeat":"repeat","background-position":"center center","background-size":"auto","background-attachment":"scroll","background-type":"","background-media":"","overlay-type":"","overlay-color":"","overlay-opacity":"","overlay-gradient":""},"tablet":{"background-color":"var(--ast-global-color-4)","background-image":"","background-repeat":"repeat","background-position":"center center","background-size":"auto","background-attachment":"scroll","background-type":"","background-media":"","overlay-type":"","overlay-color":"","overlay-opacity":"","overlay-gradient":""},"mobile":{"background-color":"var(--ast-global-color-4)","background-image":"","background-repeat":"repeat","background-position":"center center","background-size":"auto","background-attachment":"scroll","background-type":"","background-media":"","overlay-type":"","overlay-color":"","overlay-opacity":"","overlay-gradient":""}},"footnotes":""},"class_list":["post-29","page","type-page","status-publish","hentry"],"_links":{"self":[{"href":"https:\/\/www.santemalatesta.it\/wp2025\/wp-json\/wp\/v2\/pages\/29","targetHints":{"allow":["GET"]}}],"collection":[{"href":"https:\/\/www.santemalatesta.it\/wp2025\/wp-json\/wp\/v2\/pages"}],"about":[{"href":"https:\/\/www.santemalatesta.it\/wp2025\/wp-json\/wp\/v2\/types\/page"}],"author":[{"embeddable":true,"href":"https:\/\/www.santemalatesta.it\/wp2025\/wp-json\/wp\/v2\/users\/1"}],"replies":[{"embeddable":true,"href":"https:\/\/www.santemalatesta.it\/wp2025\/wp-json\/wp\/v2\/comments?post=29"}],"version-history":[{"count":3,"href":"https:\/\/www.santemalatesta.it\/wp2025\/wp-json\/wp\/v2\/pages\/29\/revisions"}],"predecessor-version":[{"id":125,"href":"https:\/\/www.santemalatesta.it\/wp2025\/wp-json\/wp\/v2\/pages\/29\/revisions\/125"}],"wp:attachment":[{"href":"https:\/\/www.santemalatesta.it\/wp2025\/wp-json\/wp\/v2\/media?parent=29"}],"curies":[{"name":"wp","href":"https:\/\/api.w.org\/{rel}","templated":true}]}}